{"id":522,"date":"2023-12-25T01:26:34","date_gmt":"2023-12-25T01:26:34","guid":{"rendered":"https:\/\/megaonlinelogistics.dowebcreator.com.ar\/?page_id=522"},"modified":"2024-04-12T19:33:13","modified_gmt":"2024-04-12T19:33:13","slug":"transporte-maritimo","status":"publish","type":"page","link":"http:\/\/megaonlinelogistics.com\/en\/transporte-maritimo\/","title":{"rendered":"Maritime Transport"},"content":{"rendered":"<div data-elementor-type=\"wp-page\" data-elementor-id=\"522\" class=\"elementor elementor-522\" data-elementor-post-type=\"page\">\n\t\t\t\t<div class=\"elementor-element elementor-element-d092d8a e-flex e-con-boxed e-con e-parent\" data-id=\"d092d8a\" data-element_type=\"container\" data-settings=\"{&quot;background_background&quot;:&quot;classic&quot;}\">\n\t\t\t\t\t<div class=\"e-con-inner\">\n\t\t<div class=\"elementor-element elementor-element-9c14ba1 e-con-full e-flex e-con e-child\" data-id=\"9c14ba1\" data-element_type=\"container\">\n\t\t\t\t<div class=\"elementor-element elementor-element-41f3401 elementor-widget elementor-widget-heading\" data-id=\"41f3401\" data-element_type=\"widget\" data-widget_type=\"heading.default\">\n\t\t\t\t<div class=\"elementor-widget-container\">\n\t\t\t\t\t<h2 class=\"elementor-heading-title elementor-size-default translation-block\"><b>MARITIME<\/b><br>TRANSPORT<\/h2>\t\t\t\t<\/div>\n\t\t\t\t<\/div>\n\t\t\t\t<div class=\"elementor-element elementor-element-ce9dae2 elementor-widget-divider--view-line elementor-widget elementor-widget-divider\" data-id=\"ce9dae2\" data-element_type=\"widget\" data-widget_type=\"divider.default\">\n\t\t\t\t<div class=\"elementor-widget-container\">\n\t\t\t\t\t\t\t<div class=\"elementor-divider\">\n\t\t\t<span class=\"elementor-divider-separator\">\n\t\t\t\t\t\t<\/span>\n\t\t<\/div>\n\t\t\t\t\t\t<\/div>\n\t\t\t\t<\/div>\n\t\t<div class=\"elementor-element elementor-element-ada38c4 e-flex e-con-boxed e-con e-child\" data-id=\"ada38c4\" data-element_type=\"container\" data-settings=\"{&quot;background_background&quot;:&quot;classic&quot;}\">\n\t\t\t\t\t<div class=\"e-con-inner\">\n\t\t\t\t<div class=\"elementor-element elementor-element-323ec8a elementor-widget elementor-widget-text-editor\" data-id=\"323ec8a\" data-element_type=\"widget\" data-widget_type=\"text-editor.default\">\n\t\t\t\t<div class=\"elementor-widget-container\">\n\t\t\t\t\t\t\t\t\t<p>This is quintessentially the most used transportation method\u00a0<span style=\"font-size: 20.428799px; font-style: inherit; text-align: var(--text-align);\">internationally because it is the most cost-effective and diversified, the container being the most well-known and used method in the last 60 years.<\/span><\/p>\t\t\t\t\t\t\t\t<\/div>\n\t\t\t\t<\/div>\n\t\t\t\t\t<\/div>\n\t\t\t\t<\/div>\n\t\t\t\t<div class=\"elementor-element elementor-element-7172e5d elementor-widget elementor-widget-text-editor\" data-id=\"7172e5d\" data-element_type=\"widget\" data-widget_type=\"text-editor.default\">\n\t\t\t\t<div class=\"elementor-widget-container\">\n\t\t\t\t\t\t\t\t\t<p>We work with a wide range of facilities which are suitable for the storage of IMO cargo and valuables; customs warehouses, with controlled temperatures, frozen or authorized for alcoholic drinks or tobacco.<\/p><p>We manage bulk cargo, cargo in holds, and roll-on, roll-off cargo. Within the wide variety of containers that we use at all ports, we'll highlight the characteristics of those most used:<\/p>\t\t\t\t\t\t\t\t<\/div>\n\t\t\t\t<\/div>\n\t\t\t\t<\/div>\n\t\t<div class=\"elementor-element elementor-element-0a65d49 e-con-full e-flex e-con e-child\" data-id=\"0a65d49\" data-element_type=\"container\">\n\t\t\t\t<\/div>\n\t\t\t\t\t<\/div>\n\t\t\t\t<\/div>\n\t\t<div class=\"elementor-element elementor-element-4bba555 e-flex e-con-boxed e-con e-parent\" data-id=\"4bba555\" data-element_type=\"container\" data-settings=\"{&quot;background_background&quot;:&quot;classic&quot;}\">\n\t\t\t\t\t<div class=\"e-con-inner\">\n\t\t<div class=\"elementor-element elementor-element-d63c551 e-con-full e-flex e-con e-child\" data-id=\"d63c551\" data-element_type=\"container\">\n\t\t\t\t<div class=\"elementor-element elementor-element-671d2dd elementor-widget elementor-widget-image\" data-id=\"671d2dd\" data-element_type=\"widget\" data-widget_type=\"image.default\">\n\t\t\t\t<div class=\"elementor-widget-container\">\n\t\t\t\t\t\t\t\t\t\t\t\t\t\t\t<img fetchpriority=\"high\" decoding=\"async\" width=\"977\" height=\"1024\" src=\"https:\/\/megaonlinelogistics.com\/wp-content\/uploads\/2023\/12\/MEGAONLINE-TRANSPORTE-MARITIMO-2-05-1-977x1024.png\" class=\"attachment-large size-large wp-image-537\" alt=\"\" srcset=\"https:\/\/megaonlinelogistics.com\/wp-content\/uploads\/2023\/12\/MEGAONLINE-TRANSPORTE-MARITIMO-2-05-1-977x1024.png 977w, https:\/\/megaonlinelogistics.com\/wp-content\/uploads\/2023\/12\/MEGAONLINE-TRANSPORTE-MARITIMO-2-05-1-286x300.png 286w, https:\/\/megaonlinelogistics.com\/wp-content\/uploads\/2023\/12\/MEGAONLINE-TRANSPORTE-MARITIMO-2-05-1-768x805.png 768w, https:\/\/megaonlinelogistics.com\/wp-content\/uploads\/2023\/12\/MEGAONLINE-TRANSPORTE-MARITIMO-2-05-1.png 1212w\" sizes=\"(max-width: 977px) 100vw, 977px\" \/>\t\t\t\t\t\t\t\t\t\t\t\t\t\t\t<\/div>\n\t\t\t\t<\/div>\n\t\t\t\t<div class=\"elementor-element elementor-element-bfd90c4 elementor-widget elementor-widget-heading\" data-id=\"bfd90c4\" data-element_type=\"widget\" data-widget_type=\"heading.default\">\n\t\t\t\t<div class=\"elementor-widget-container\">\n\t\t\t\t\t<h2 class=\"elementor-heading-title elementor-size-default\">DRY VAN<\/h2>\t\t\t\t<\/div>\n\t\t\t\t<\/div>\n\t\t\t\t<div class=\"elementor-element elementor-element-d0695c2 elementor-widget-divider--view-line elementor-widget elementor-widget-divider\" data-id=\"d0695c2\" data-element_type=\"widget\" data-widget_type=\"divider.default\">\n\t\t\t\t<div class=\"elementor-widget-container\">\n\t\t\t\t\t\t\t<div class=\"elementor-divider\">\n\t\t\t<span class=\"elementor-divider-separator\">\n\t\t\t\t\t\t<\/span>\n\t\t<\/div>\n\t\t\t\t\t\t<\/div>\n\t\t\t\t<\/div>\n\t\t\t\t<div class=\"elementor-element elementor-element-f2bc88d elementor-widget elementor-widget-text-editor\" data-id=\"f2bc88d\" data-element_type=\"widget\" data-widget_type=\"text-editor.default\">\n\t\t\t\t<div class=\"elementor-widget-container\">\n\t\t\t\t\t\t\t\t\t<p>This is the standard container, the 3 most used dimensions are 20'dv, 40'dv, and 40'hq. It is hermetically sealed and does not have ventilation nor temperature control.<\/p>\t\t\t\t\t\t\t\t<\/div>\n\t\t\t\t<\/div>\n\t\t\t\t<\/div>\n\t\t<div class=\"elementor-element elementor-element-8b76ec7 e-con-full e-flex e-con e-child\" data-id=\"8b76ec7\" data-element_type=\"container\">\n\t\t\t\t<div class=\"elementor-element elementor-element-52daff2 elementor-widget elementor-widget-image\" data-id=\"52daff2\" data-element_type=\"widget\" data-widget_type=\"image.default\">\n\t\t\t\t<div class=\"elementor-widget-container\">\n\t\t\t\t\t\t\t\t\t\t\t\t\t\t\t<img decoding=\"async\" width=\"1024\" height=\"981\" src=\"https:\/\/megaonlinelogistics.com\/wp-content\/uploads\/2023\/12\/MEGAONLINE-TRANSPORTE-MARITIMO-2-06-1024x981.png\" class=\"attachment-large size-large wp-image-541\" alt=\"\" srcset=\"https:\/\/megaonlinelogistics.com\/wp-content\/uploads\/2023\/12\/MEGAONLINE-TRANSPORTE-MARITIMO-2-06-1024x981.png 1024w, https:\/\/megaonlinelogistics.com\/wp-content\/uploads\/2023\/12\/MEGAONLINE-TRANSPORTE-MARITIMO-2-06-300x287.png 300w, https:\/\/megaonlinelogistics.com\/wp-content\/uploads\/2023\/12\/MEGAONLINE-TRANSPORTE-MARITIMO-2-06-768x736.png 768w, https:\/\/megaonlinelogistics.com\/wp-content\/uploads\/2023\/12\/MEGAONLINE-TRANSPORTE-MARITIMO-2-06.png 1268w\" sizes=\"(max-width: 1024px) 100vw, 1024px\" \/>\t\t\t\t\t\t\t\t\t\t\t\t\t\t\t<\/div>\n\t\t\t\t<\/div>\n\t\t\t\t<div class=\"elementor-element elementor-element-c267143 elementor-widget elementor-widget-heading\" data-id=\"c267143\" data-element_type=\"widget\" data-widget_type=\"heading.default\">\n\t\t\t\t<div class=\"elementor-widget-container\">\n\t\t\t\t\t<h2 class=\"elementor-heading-title elementor-size-default\">REEFER<\/h2>\t\t\t\t<\/div>\n\t\t\t\t<\/div>\n\t\t\t\t<div class=\"elementor-element elementor-element-e748f4e elementor-widget-divider--view-line elementor-widget elementor-widget-divider\" data-id=\"e748f4e\" data-element_type=\"widget\" data-widget_type=\"divider.default\">\n\t\t\t\t<div class=\"elementor-widget-container\">\n\t\t\t\t\t\t\t<div class=\"elementor-divider\">\n\t\t\t<span class=\"elementor-divider-separator\">\n\t\t\t\t\t\t<\/span>\n\t\t<\/div>\n\t\t\t\t\t\t<\/div>\n\t\t\t\t<\/div>\n\t\t\t\t<div class=\"elementor-element elementor-element-87ed0d4 elementor-widget elementor-widget-text-editor\" data-id=\"87ed0d4\" data-element_type=\"widget\" data-widget_type=\"text-editor.default\">\n\t\t\t\t<div class=\"elementor-widget-container\">\n\t\t\t\t\t\t\t\t\t<p>This type of container is used for the transportation of cargo that requires temperature control. From the moment that it enters the terminal, as well as on board the ship, it requires an electronic connection to maintain the temperature at the programmed levels.<\/p>\t\t\t\t\t\t\t\t<\/div>\n\t\t\t\t<\/div>\n\t\t\t\t<\/div>\n\t\t<div class=\"elementor-element elementor-element-e91c449 e-con-full e-flex e-con e-child\" data-id=\"e91c449\" data-element_type=\"container\">\n\t\t\t\t<div class=\"elementor-element elementor-element-43eeeb1 elementor-widget elementor-widget-image\" data-id=\"43eeeb1\" data-element_type=\"widget\" data-widget_type=\"image.default\">\n\t\t\t\t<div class=\"elementor-widget-container\">\n\t\t\t\t\t\t\t\t\t\t\t\t\t\t\t<img decoding=\"async\" width=\"1296\" height=\"930\" src=\"https:\/\/megaonlinelogistics.com\/wp-content\/uploads\/2023\/12\/MEGAONLINE-TRANSPORTE-MARITIMO-2-07.png\" class=\"attachment-full size-full wp-image-545\" alt=\"\" srcset=\"https:\/\/megaonlinelogistics.com\/wp-content\/uploads\/2023\/12\/MEGAONLINE-TRANSPORTE-MARITIMO-2-07.png 1296w, https:\/\/megaonlinelogistics.com\/wp-content\/uploads\/2023\/12\/MEGAONLINE-TRANSPORTE-MARITIMO-2-07-300x215.png 300w, https:\/\/megaonlinelogistics.com\/wp-content\/uploads\/2023\/12\/MEGAONLINE-TRANSPORTE-MARITIMO-2-07-1024x735.png 1024w, https:\/\/megaonlinelogistics.com\/wp-content\/uploads\/2023\/12\/MEGAONLINE-TRANSPORTE-MARITIMO-2-07-768x551.png 768w\" sizes=\"(max-width: 1296px) 100vw, 1296px\" \/>\t\t\t\t\t\t\t\t\t\t\t\t\t\t\t<\/div>\n\t\t\t\t<\/div>\n\t\t\t\t<div class=\"elementor-element elementor-element-d06a4ef elementor-widget elementor-widget-heading\" data-id=\"d06a4ef\" data-element_type=\"widget\" data-widget_type=\"heading.default\">\n\t\t\t\t<div class=\"elementor-widget-container\">\n\t\t\t\t\t<h2 class=\"elementor-heading-title elementor-size-default\">TANK OR CISTERN<\/h2>\t\t\t\t<\/div>\n\t\t\t\t<\/div>\n\t\t\t\t<div class=\"elementor-element elementor-element-745269c elementor-widget-divider--view-line elementor-widget elementor-widget-divider\" data-id=\"745269c\" data-element_type=\"widget\" data-widget_type=\"divider.default\">\n\t\t\t\t<div class=\"elementor-widget-container\">\n\t\t\t\t\t\t\t<div class=\"elementor-divider\">\n\t\t\t<span class=\"elementor-divider-separator\">\n\t\t\t\t\t\t<\/span>\n\t\t<\/div>\n\t\t\t\t\t\t<\/div>\n\t\t\t\t<\/div>\n\t\t\t\t<div class=\"elementor-element elementor-element-33e2c72 elementor-widget elementor-widget-text-editor\" data-id=\"33e2c72\" data-element_type=\"widget\" data-widget_type=\"text-editor.default\">\n\t\t\t\t<div class=\"elementor-widget-container\">\n\t\t\t\t\t\t\t\t\t<p>These are specially designed equipment for the transportation of bulk liquids.<\/p>\t\t\t\t\t\t\t\t<\/div>\n\t\t\t\t<\/div>\n\t\t\t\t<\/div>\n\t\t\t\t\t<\/div>\n\t\t\t\t<\/div>\n\t\t<div class=\"elementor-element elementor-element-f5b61a3 e-flex e-con-boxed e-con e-parent\" data-id=\"f5b61a3\" data-element_type=\"container\" data-settings=\"{&quot;background_background&quot;:&quot;classic&quot;}\">\n\t\t\t\t\t<div class=\"e-con-inner\">\n\t\t<div class=\"elementor-element elementor-element-da429be e-con-full e-flex e-con e-child\" data-id=\"da429be\" data-element_type=\"container\">\n\t\t\t\t<div class=\"elementor-element elementor-element-9e347d6 elementor-widget elementor-widget-image\" data-id=\"9e347d6\" data-element_type=\"widget\" data-widget_type=\"image.default\">\n\t\t\t\t<div class=\"elementor-widget-container\">\n\t\t\t\t\t\t\t\t\t\t\t\t\t\t\t<img loading=\"lazy\" decoding=\"async\" width=\"1024\" height=\"1002\" src=\"https:\/\/megaonlinelogistics.com\/wp-content\/uploads\/2023\/12\/MEGAONLINE-TRANSPORTE-MARITIMO-2-08-1024x1002.png\" class=\"attachment-large size-large wp-image-552\" alt=\"\" srcset=\"https:\/\/megaonlinelogistics.com\/wp-content\/uploads\/2023\/12\/MEGAONLINE-TRANSPORTE-MARITIMO-2-08-1024x1002.png 1024w, https:\/\/megaonlinelogistics.com\/wp-content\/uploads\/2023\/12\/MEGAONLINE-TRANSPORTE-MARITIMO-2-08-300x294.png 300w, https:\/\/megaonlinelogistics.com\/wp-content\/uploads\/2023\/12\/MEGAONLINE-TRANSPORTE-MARITIMO-2-08-768x752.png 768w, https:\/\/megaonlinelogistics.com\/wp-content\/uploads\/2023\/12\/MEGAONLINE-TRANSPORTE-MARITIMO-2-08.png 1179w\" sizes=\"(max-width: 1024px) 100vw, 1024px\" \/>\t\t\t\t\t\t\t\t\t\t\t\t\t\t\t<\/div>\n\t\t\t\t<\/div>\n\t\t\t\t<div class=\"elementor-element elementor-element-71d0fc6 elementor-widget elementor-widget-heading\" data-id=\"71d0fc6\" data-element_type=\"widget\" data-widget_type=\"heading.default\">\n\t\t\t\t<div class=\"elementor-widget-container\">\n\t\t\t\t\t<h2 class=\"elementor-heading-title elementor-size-default\">OPEN TOP<\/h2>\t\t\t\t<\/div>\n\t\t\t\t<\/div>\n\t\t\t\t<div class=\"elementor-element elementor-element-42bac35 elementor-widget-divider--view-line elementor-widget elementor-widget-divider\" data-id=\"42bac35\" data-element_type=\"widget\" data-widget_type=\"divider.default\">\n\t\t\t\t<div class=\"elementor-widget-container\">\n\t\t\t\t\t\t\t<div class=\"elementor-divider\">\n\t\t\t<span class=\"elementor-divider-separator\">\n\t\t\t\t\t\t<\/span>\n\t\t<\/div>\n\t\t\t\t\t\t<\/div>\n\t\t\t\t<\/div>\n\t\t\t\t<div class=\"elementor-element elementor-element-65bf96a elementor-widget elementor-widget-text-editor\" data-id=\"65bf96a\" data-element_type=\"widget\" data-widget_type=\"text-editor.default\">\n\t\t\t\t<div class=\"elementor-widget-container\">\n\t\t\t\t\t\t\t\t\t<p>These are containers that are open at the roof and only have a canopy as protection. They are used for cargo that, because of their height, do not fit into a dry container or that, because of their dimensions, require an open top container to be able to carry out the loading\/unloading operation.<\/p>\t\t\t\t\t\t\t\t<\/div>\n\t\t\t\t<\/div>\n\t\t\t\t<\/div>\n\t\t<div class=\"elementor-element elementor-element-22052a0 e-con-full e-flex e-con e-child\" data-id=\"22052a0\" data-element_type=\"container\">\n\t\t\t\t<div class=\"elementor-element elementor-element-3d1fbaf elementor-widget elementor-widget-image\" data-id=\"3d1fbaf\" data-element_type=\"widget\" data-widget_type=\"image.default\">\n\t\t\t\t<div class=\"elementor-widget-container\">\n\t\t\t\t\t\t\t\t\t\t\t\t\t\t\t<img loading=\"lazy\" decoding=\"async\" width=\"1024\" height=\"737\" src=\"https:\/\/megaonlinelogistics.com\/wp-content\/uploads\/2023\/12\/MEGAONLINE-TRANSPORTE-MARITIMO-2-09-1024x737.png\" class=\"attachment-large size-large wp-image-554\" alt=\"\" srcset=\"https:\/\/megaonlinelogistics.com\/wp-content\/uploads\/2023\/12\/MEGAONLINE-TRANSPORTE-MARITIMO-2-09-1024x737.png 1024w, https:\/\/megaonlinelogistics.com\/wp-content\/uploads\/2023\/12\/MEGAONLINE-TRANSPORTE-MARITIMO-2-09-300x216.png 300w, https:\/\/megaonlinelogistics.com\/wp-content\/uploads\/2023\/12\/MEGAONLINE-TRANSPORTE-MARITIMO-2-09-768x553.png 768w, https:\/\/megaonlinelogistics.com\/wp-content\/uploads\/2023\/12\/MEGAONLINE-TRANSPORTE-MARITIMO-2-09.png 1308w\" sizes=\"(max-width: 1024px) 100vw, 1024px\" \/>\t\t\t\t\t\t\t\t\t\t\t\t\t\t\t<\/div>\n\t\t\t\t<\/div>\n\t\t\t\t<div class=\"elementor-element elementor-element-564d3e9 elementor-widget elementor-widget-heading\" data-id=\"564d3e9\" data-element_type=\"widget\" data-widget_type=\"heading.default\">\n\t\t\t\t<div class=\"elementor-widget-container\">\n\t\t\t\t\t<h2 class=\"elementor-heading-title elementor-size-default\">FLAT RACK<\/h2>\t\t\t\t<\/div>\n\t\t\t\t<\/div>\n\t\t\t\t<div class=\"elementor-element elementor-element-3e5b24a elementor-widget-divider--view-line elementor-widget elementor-widget-divider\" data-id=\"3e5b24a\" data-element_type=\"widget\" data-widget_type=\"divider.default\">\n\t\t\t\t<div class=\"elementor-widget-container\">\n\t\t\t\t\t\t\t<div class=\"elementor-divider\">\n\t\t\t<span class=\"elementor-divider-separator\">\n\t\t\t\t\t\t<\/span>\n\t\t<\/div>\n\t\t\t\t\t\t<\/div>\n\t\t\t\t<\/div>\n\t\t\t\t<div class=\"elementor-element elementor-element-f476313 elementor-widget elementor-widget-text-editor\" data-id=\"f476313\" data-element_type=\"widget\" data-widget_type=\"text-editor.default\">\n\t\t\t\t<div class=\"elementor-widget-container\">\n\t\t\t\t\t\t\t\t\t<p>These containers lack sidewalls, and, in general, the front and back are foldable to facilitate the transport of pieces that do not fit into dry containers.<\/p>\t\t\t\t\t\t\t\t<\/div>\n\t\t\t\t<\/div>\n\t\t\t\t<\/div>\n\t\t<div class=\"elementor-element elementor-element-912292b e-con-full e-flex e-con e-child\" data-id=\"912292b\" data-element_type=\"container\">\n\t\t\t\t<div class=\"elementor-element elementor-element-506b3e6 elementor-widget elementor-widget-image\" data-id=\"506b3e6\" data-element_type=\"widget\" data-widget_type=\"image.default\">\n\t\t\t\t<div class=\"elementor-widget-container\">\n\t\t\t\t\t\t\t\t\t\t\t\t\t\t\t<img loading=\"lazy\" decoding=\"async\" width=\"1024\" height=\"632\" src=\"https:\/\/megaonlinelogistics.com\/wp-content\/uploads\/2023\/12\/MEGAONLINE-TRANSPORTE-MARITIMO-2-10-1024x632.png\" class=\"attachment-large size-large wp-image-555\" alt=\"\" srcset=\"https:\/\/megaonlinelogistics.com\/wp-content\/uploads\/2023\/12\/MEGAONLINE-TRANSPORTE-MARITIMO-2-10-1024x632.png 1024w, https:\/\/megaonlinelogistics.com\/wp-content\/uploads\/2023\/12\/MEGAONLINE-TRANSPORTE-MARITIMO-2-10-300x185.png 300w, https:\/\/megaonlinelogistics.com\/wp-content\/uploads\/2023\/12\/MEGAONLINE-TRANSPORTE-MARITIMO-2-10-768x474.png 768w, https:\/\/megaonlinelogistics.com\/wp-content\/uploads\/2023\/12\/MEGAONLINE-TRANSPORTE-MARITIMO-2-10-1536x948.png 1536w, https:\/\/megaonlinelogistics.com\/wp-content\/uploads\/2023\/12\/MEGAONLINE-TRANSPORTE-MARITIMO-2-10.png 1681w\" sizes=\"(max-width: 1024px) 100vw, 1024px\" \/>\t\t\t\t\t\t\t\t\t\t\t\t\t\t\t<\/div>\n\t\t\t\t<\/div>\n\t\t\t\t<div class=\"elementor-element elementor-element-30c8bde elementor-widget elementor-widget-heading\" data-id=\"30c8bde\" data-element_type=\"widget\" data-widget_type=\"heading.default\">\n\t\t\t\t<div class=\"elementor-widget-container\">\n\t\t\t\t\t<h2 class=\"elementor-heading-title elementor-size-default\">LCL<\/h2>\t\t\t\t<\/div>\n\t\t\t\t<\/div>\n\t\t\t\t<div class=\"elementor-element elementor-element-b4888fa elementor-widget-divider--view-line elementor-widget elementor-widget-divider\" data-id=\"b4888fa\" data-element_type=\"widget\" data-widget_type=\"divider.default\">\n\t\t\t\t<div class=\"elementor-widget-container\">\n\t\t\t\t\t\t\t<div class=\"elementor-divider\">\n\t\t\t<span class=\"elementor-divider-separator\">\n\t\t\t\t\t\t<\/span>\n\t\t<\/div>\n\t\t\t\t\t\t<\/div>\n\t\t\t\t<\/div>\n\t\t\t\t<div class=\"elementor-element elementor-element-6d9e7dd elementor-widget elementor-widget-text-editor\" data-id=\"6d9e7dd\" data-element_type=\"widget\" data-widget_type=\"text-editor.default\">\n\t\t\t\t<div class=\"elementor-widget-container\">\n\t\t\t\t\t\t\t\t\t<p>Less-than-container load services are used for cargo that does not fill a container. The client pays by the volume or weight of their merchandise, and this is consolidated inside a container with other cargo that has the same origin and destination.<\/p>\t\t\t\t\t\t\t\t<\/div>\n\t\t\t\t<\/div>\n\t\t\t\t<\/div>\n\t\t\t\t\t<\/div>\n\t\t\t\t<\/div>\n\t\t<div class=\"elementor-element elementor-element-6e6928e e-flex e-con-boxed e-con e-parent\" data-id=\"6e6928e\" data-element_type=\"container\" data-settings=\"{&quot;background_background&quot;:&quot;classic&quot;}\">\n\t\t\t\t\t<div class=\"e-con-inner\">\n\t\t\t\t<div class=\"elementor-element elementor-element-d603c16 elementor-widget elementor-widget-heading\" data-id=\"d603c16\" data-element_type=\"widget\" data-widget_type=\"heading.default\">\n\t\t\t\t<div class=\"elementor-widget-container\">\n\t\t\t\t\t<h2 class=\"elementor-heading-title elementor-size-default\">QUOTES IN<br>LESS THAN 24 HS<\/h2>\t\t\t\t<\/div>\n\t\t\t\t<\/div>\n\t\t\t\t<div class=\"elementor-element elementor-element-26cf6d3 elementor-align-center elementor-widget elementor-widget-button\" data-id=\"26cf6d3\" data-element_type=\"widget\" data-widget_type=\"button.default\">\n\t\t\t\t<div class=\"elementor-widget-container\">\n\t\t\t\t\t\t\t\t\t<div class=\"elementor-button-wrapper\">\n\t\t\t\t\t<a class=\"elementor-button elementor-button-link elementor-size-sm\" href=\"https:\/\/megaonlinelogistics.com\/en\/cotizaciones\/\">\n\t\t\t\t\t\t<span class=\"elementor-button-content-wrapper\">\n\t\t\t\t\t\t\t\t\t<span class=\"elementor-button-text\">Online Quoting System<\/span>\n\t\t\t\t\t<\/span>\n\t\t\t\t\t<\/a>\n\t\t\t\t<\/div>\n\t\t\t\t\t\t\t\t<\/div>\n\t\t\t\t<\/div>\n\t\t\t\t\t<\/div>\n\t\t\t\t<\/div>\n\t\t<div class=\"elementor-element elementor-element-b5d8a9f e-flex e-con-boxed e-con e-parent\" data-id=\"b5d8a9f\" data-element_type=\"container\" data-settings=\"{&quot;background_background&quot;:&quot;classic&quot;}\">\n\t\t\t\t\t<div class=\"e-con-inner\">\n\t\t\t\t<div class=\"elementor-element elementor-element-bb6a76c elementor-widget elementor-widget-heading\" data-id=\"bb6a76c\" data-element_type=\"widget\" data-widget_type=\"heading.default\">\n\t\t\t\t<div class=\"elementor-widget-container\">\n\t\t\t\t\t<h2 class=\"elementor-heading-title elementor-size-default\">CONTACT WITH US<\/h2>\t\t\t\t<\/div>\n\t\t\t\t<\/div>\n\t\t\t\t<div class=\"elementor-element elementor-element-f8f8d7e elementor-widget elementor-widget-text-editor\" data-id=\"f8f8d7e\" data-element_type=\"widget\" data-widget_type=\"text-editor.default\">\n\t\t\t\t<div class=\"elementor-widget-container\">\n\t\t\t\t\t\t\t\t\t<p>Together we can achieve efficient management of your imports and exports throughout the world.<\/p>\t\t\t\t\t\t\t\t<\/div>\n\t\t\t\t<\/div>\n\t\t\t\t<div class=\"elementor-element elementor-element-322fe6e elementor-align-center elementor-widget elementor-widget-button\" data-id=\"322fe6e\" data-element_type=\"widget\" data-widget_type=\"button.default\">\n\t\t\t\t<div class=\"elementor-widget-container\">\n\t\t\t\t\t\t\t\t\t<div class=\"elementor-button-wrapper\">\n\t\t\t\t\t<a class=\"elementor-button elementor-button-link elementor-size-sm\" href=\"http:\/\/megaonlinelogistics.com\/en\/#contacto\">\n\t\t\t\t\t\t<span class=\"elementor-button-content-wrapper\">\n\t\t\t\t\t\t\t\t\t<span class=\"elementor-button-text\">CONTACT US NOW<\/span>\n\t\t\t\t\t<\/span>\n\t\t\t\t\t<\/a>\n\t\t\t\t<\/div>\n\t\t\t\t\t\t\t\t<\/div>\n\t\t\t\t<\/div>\n\t\t\t\t\t<\/div>\n\t\t\t\t<\/div>\n\t\t\t\t<\/div>","protected":false},"excerpt":{"rendered":"<p>TRANSPORTEMAR\u00cdTIMO Es, por excelencia, el m\u00e9todo de\u00a0transporte m\u00e1s utilizado internacionalmente por ser el m\u00e1s econ\u00f3mico y diversificado, siendo el contenedor el medio m\u00e1s conocido y utilizado en los \u00faltimos 60 a\u00f1os. Mega Online Logistics cuenta con una red de agentes en todo el mundo que nos permite gestionar un servicio puerta a puerta en cualquier [&hellip;]<\/p>","protected":false},"author":1,"featured_media":0,"parent":0,"menu_order":0,"comment_status":"closed","ping_status":"closed","template":"elementor_header_footer","meta":{"content-type":"","site-sidebar-layout":"no-sidebar","site-content-layout":"","ast-site-content-layout":"full-width-container","site-content-style":"default","site-sidebar-style":"default","ast-global-header-display":"","ast-banner-title-visibility":"","ast-main-header-display":"","ast-hfb-above-header-display":"","ast-hfb-below-header-display":"","ast-hfb-mobile-header-display":"","site-post-title":"disabled","ast-breadcrumbs-content":"","ast-featured-img":"disabled","footer-sml-layout":"","theme-transparent-header-meta":"","adv-header-id-meta":"","stick-header-meta":"","header-above-stick-meta":"","header-main-stick-meta":"","header-below-stick-meta":"","astra-migrate-meta-layouts":"default","ast-page-background-enabled":"default","ast-page-background-meta":{"desktop":{"background-color":"var(--ast-global-color-4)","background-image":"","background-repeat":"repeat","background-position":"center center","background-size":"auto","background-attachment":"scroll","background-type":"","background-media":"","overlay-type":"","overlay-color":"","overlay-opacity":"","overlay-gradient":""},"tablet":{"background-color":"","background-image":"","background-repeat":"repeat","background-position":"center center","background-size":"auto","background-attachment":"scroll","background-type":"","background-media":"","overlay-type":"","overlay-color":"","overlay-opacity":"","overlay-gradient":""},"mobile":{"background-color":"","background-image":"","background-repeat":"repeat","background-position":"center center","background-size":"auto","background-attachment":"scroll","background-type":"","background-media":"","overlay-type":"","overlay-color":"","overlay-opacity":"","overlay-gradient":""}},"ast-content-background-meta":{"desktop":{"background-color":"var(--ast-global-color-5)","background-image":"","background-repeat":"repeat","background-position":"center center","background-size":"auto","background-attachment":"scroll","background-type":"","background-media":"","overlay-type":"","overlay-color":"","overlay-opacity":"","overlay-gradient":""},"tablet":{"background-color":"var(--ast-global-color-5)","background-image":"","background-repeat":"repeat","background-position":"center center","background-size":"auto","background-attachment":"scroll","background-type":"","background-media":"","overlay-type":"","overlay-color":"","overlay-opacity":"","overlay-gradient":""},"mobile":{"background-color":"var(--ast-global-color-5)","background-image":"","background-repeat":"repeat","background-position":"center center","background-size":"auto","background-attachment":"scroll","background-type":"","background-media":"","overlay-type":"","overlay-color":"","overlay-opacity":"","overlay-gradient":""}},"footnotes":""},"class_list":["post-522","page","type-page","status-publish","hentry"],"aioseo_notices":[],"_links":{"self":[{"href":"http:\/\/megaonlinelogistics.com\/en\/wp-json\/wp\/v2\/pages\/522","targetHints":{"allow":["GET"]}}],"collection":[{"href":"http:\/\/megaonlinelogistics.com\/en\/wp-json\/wp\/v2\/pages"}],"about":[{"href":"http:\/\/megaonlinelogistics.com\/en\/wp-json\/wp\/v2\/types\/page"}],"author":[{"embeddable":true,"href":"http:\/\/megaonlinelogistics.com\/en\/wp-json\/wp\/v2\/users\/1"}],"replies":[{"embeddable":true,"href":"http:\/\/megaonlinelogistics.com\/en\/wp-json\/wp\/v2\/comments?post=522"}],"version-history":[{"count":0,"href":"http:\/\/megaonlinelogistics.com\/en\/wp-json\/wp\/v2\/pages\/522\/revisions"}],"wp:attachment":[{"href":"http:\/\/megaonlinelogistics.com\/en\/wp-json\/wp\/v2\/media?parent=522"}],"curies":[{"name":"wp","href":"https:\/\/api.w.org\/{rel}","templated":true}]}}