{"id":444,"date":"2023-12-24T21:39:16","date_gmt":"2023-12-24T21:39:16","guid":{"rendered":"https:\/\/megaonlinelogistics.dowebcreator.com.ar\/?page_id=444"},"modified":"2024-04-12T18:58:33","modified_gmt":"2024-04-12T18:58:33","slug":"cotizaciones","status":"publish","type":"page","link":"https:\/\/megaonlinelogistics.com\/en\/cotizaciones\/","title":{"rendered":"Quotes"},"content":{"rendered":"<div data-elementor-type=\"wp-page\" data-elementor-id=\"444\" class=\"elementor elementor-444\" data-elementor-post-type=\"page\">\n\t\t\t\t<div class=\"elementor-element elementor-element-14ecb01 e-flex e-con-boxed e-con e-parent\" data-id=\"14ecb01\" data-element_type=\"container\" data-settings=\"{&quot;background_background&quot;:&quot;classic&quot;}\">\n\t\t\t\t\t<div class=\"e-con-inner\">\n\t\t\t\t<div class=\"elementor-element elementor-element-fcf6cec elementor-widget elementor-widget-heading\" data-id=\"fcf6cec\" data-element_type=\"widget\" data-widget_type=\"heading.default\">\n\t\t\t\t<div class=\"elementor-widget-container\">\n\t\t\t\t\t<h2 class=\"elementor-heading-title elementor-size-default translation-block\"><b>ONLINE<\/b> <br> COATING SYSTEM<\/h2>\t\t\t\t<\/div>\n\t\t\t\t<\/div>\n\t\t\t\t<div class=\"elementor-element elementor-element-601d337 elementor-widget-divider--view-line elementor-widget elementor-widget-divider\" data-id=\"601d337\" data-element_type=\"widget\" data-widget_type=\"divider.default\">\n\t\t\t\t<div class=\"elementor-widget-container\">\n\t\t\t\t\t\t\t<div class=\"elementor-divider\">\n\t\t\t<span class=\"elementor-divider-separator\">\n\t\t\t\t\t\t<\/span>\n\t\t<\/div>\n\t\t\t\t\t\t<\/div>\n\t\t\t\t<\/div>\n\t\t\t\t<div class=\"elementor-element elementor-element-77385c8 elementor-widget elementor-widget-text-editor\" data-id=\"77385c8\" data-element_type=\"widget\" data-widget_type=\"text-editor.default\">\n\t\t\t\t<div class=\"elementor-widget-container\">\n\t\t\t\t\t\t\t\t\t<p>Quotes in less than 24 hrs<\/p>\t\t\t\t\t\t\t\t<\/div>\n\t\t\t\t<\/div>\n\t\t\t\t\t<\/div>\n\t\t\t\t<\/div>\n\t\t<div class=\"elementor-element elementor-element-9c4bbe2 e-flex e-con-boxed e-con e-parent\" data-id=\"9c4bbe2\" data-element_type=\"container\" data-settings=\"{&quot;background_background&quot;:&quot;classic&quot;}\">\n\t\t\t\t\t<div class=\"e-con-inner\">\n\t\t<div class=\"elementor-element elementor-element-ccbd8b1 e-con-full e-flex e-con e-child\" data-id=\"ccbd8b1\" data-element_type=\"container\" data-settings=\"{&quot;background_background&quot;:&quot;classic&quot;}\">\n\t\t\t\t<div class=\"elementor-element elementor-element-1d7c1ef elementor-view-default elementor-position-top elementor-mobile-position-top elementor-widget elementor-widget-icon-box\" data-id=\"1d7c1ef\" data-element_type=\"widget\" data-widget_type=\"icon-box.default\">\n\t\t\t\t<div class=\"elementor-widget-container\">\n\t\t\t\t\t\t\t<div class=\"elementor-icon-box-wrapper\">\n\n\t\t\t\t\t\t<div class=\"elementor-icon-box-icon\">\n\t\t\t\t<span  class=\"elementor-icon\">\n\t\t\t\t<svg aria-hidden=\"true\" class=\"e-font-icon-svg e-fas-info-circle\" viewbox=\"0 0 512 512\" xmlns=\"http:\/\/www.w3.org\/2000\/svg\"><path d=\"M256 8C119.043 8 8 119.083 8 256c0 136.997 111.043 248 248 248s248-111.003 248-248C504 119.083 392.957 8 256 8zm0 110c23.196 0 42 18.804 42 42s-18.804 42-42 42-42-18.804-42-42 18.804-42 42-42zm56 254c0 6.627-5.373 12-12 12h-88c-6.627 0-12-5.373-12-12v-24c0-6.627 5.373-12 12-12h12v-64h-12c-6.627 0-12-5.373-12-12v-24c0-6.627 5.373-12 12-12h64c6.627 0 12 5.373 12 12v100h12c6.627 0 12 5.373 12 12v24z\"><\/path><\/svg>\t\t\t\t<\/span>\n\t\t\t<\/div>\n\t\t\t\n\t\t\t\t\t\t<div class=\"elementor-icon-box-content\">\n\n\t\t\t\t\n\t\t\t\t\t\t\t\t\t<p class=\"elementor-icon-box-description\">\n\t\t\t\t\t\tIf your shipment requires any specific service, we will get in contact with you to discuss the details.\t\t\t\t\t<\/p>\n\t\t\t\t\n\t\t\t<\/div>\n\t\t\t\n\t\t<\/div>\n\t\t\t\t\t\t<\/div>\n\t\t\t\t<\/div>\n\t\t\t\t<\/div>\n\t\t<div class=\"elementor-element elementor-element-68ad1e7 e-con-full e-flex e-con e-child\" data-id=\"68ad1e7\" data-element_type=\"container\" data-settings=\"{&quot;background_background&quot;:&quot;classic&quot;}\">\n\t\t\t\t<div class=\"elementor-element elementor-element-01fcc26 elementor-widget elementor-widget-heading\" data-id=\"01fcc26\" data-element_type=\"widget\" data-widget_type=\"heading.default\">\n\t\t\t\t<div class=\"elementor-widget-container\">\n\t\t\t\t\t<h2 class=\"elementor-heading-title elementor-size-default\">ONLINE QUOTING SYSTEM<\/h2>\t\t\t\t<\/div>\n\t\t\t\t<\/div>\n\t\t\t\t<div class=\"elementor-element elementor-element-821943a elementor-widget elementor-widget-shortcode\" data-id=\"821943a\" data-element_type=\"widget\" data-widget_type=\"shortcode.default\">\n\t\t\t\t<div class=\"elementor-widget-container\">\n\t\t\t\t\t\t\t<div class=\"elementor-shortcode\"><div class=\"forminator-ui forminator-custom-form forminator-custom-form-1224 forminator-design--default  forminator_ajax\" data-forminator-render=\"0\" data-form=\"forminator-module-1224\" data-uid=\"69d0dbf296a30\"><br\/><\/div><form\n\t\t\t\tid=\"forminator-module-1224\"\n\t\t\t\tclass=\"forminator-ui forminator-custom-form forminator-custom-form-1224 forminator-design--default  forminator_ajax\"\n\t\t\t\tmethod=\"post\"\n\t\t\t\tdata-forminator-render=\"0\"\n\t\t\t\tdata-form-id=\"1224\"\n\t\t\t\t\n\t\t\t\tdata-design=\"default\"\n\t\t\t\t\n\t\t\t\t\n\t\t\t\t\n\t\t\t\tdata-grid=\"open\"\n\t\t\t\t\n\t\t\t\t\n\t\t\t\tstyle=\"display: none;\"\n\t\t\t\t\n\t\t\t\tdata-uid=\"69d0dbf296a30\" action=\"\"\n\t\t\t><div role=\"alert\" aria-live=\"polite\" class=\"forminator-response-message forminator-error\" aria-hidden=\"true\"><\/div><div class=\"forminator-row\"><div id=\"name-1\" class=\"forminator-field-name forminator-col forminator-col-6\"><div class=\"forminator-field\"><input type=\"text\" name=\"name-1\" value=\"\" placeholder=\"Name and Surname\" id=\"forminator-field-name-1_69d0dbf296a30\" class=\"forminator-input forminator-name--field\" aria-required=\"false\" \/><\/div><\/div><div id=\"text-1\" class=\"forminator-field-text forminator-col forminator-col-6\"><div class=\"forminator-field\"><input type=\"text\" name=\"text-1\" value=\"\" placeholder=\"Business Name\" id=\"forminator-field-text-1_69d0dbf296a30\" class=\"forminator-input forminator-name--field\" data-required=\"\" \/><\/div><\/div><\/div><div class=\"forminator-row\"><div id=\"phone-1\" class=\"forminator-field-phone forminator-col forminator-col-6\"><div class=\"forminator-field\"><input type=\"text\" name=\"phone-1\" value=\"\" placeholder=\"Telephone number\" id=\"forminator-field-phone-1_69d0dbf296a30\" class=\"forminator-input forminator-field--phone\" data-required=\"\" aria-required=\"false\" autocomplete=\"off\" \/><\/div><\/div><div id=\"email-1\" class=\"forminator-field-email forminator-col forminator-col-6\"><div class=\"forminator-field\"><input type=\"email\" name=\"email-1\" value=\"\" placeholder=\"Email\" id=\"forminator-field-email-1_69d0dbf296a30\" class=\"forminator-input forminator-email--field\" data-required=\"\" aria-required=\"false\" \/><\/div><\/div><\/div><div class=\"forminator-row\"><div id=\"text-2\" class=\"forminator-field-text forminator-col forminator-col-6\"><div class=\"forminator-field\"><input type=\"text\" name=\"text-2\" value=\"\" placeholder=\"Cargo Address\" id=\"forminator-field-text-2_69d0dbf296a30\" class=\"forminator-input forminator-name--field\" data-required=\"\" \/><\/div><\/div><div id=\"text-3\" class=\"forminator-field-text forminator-col forminator-col-6\"><div class=\"forminator-field\"><input type=\"text\" name=\"text-3\" value=\"\" placeholder=\"Destination Address\" id=\"forminator-field-text-3_69d0dbf296a30\" class=\"forminator-input forminator-name--field\" data-required=\"\" \/><\/div><\/div><\/div><div class=\"forminator-row\"><div id=\"text-4\" class=\"forminator-field-text forminator-col forminator-col-6\"><div class=\"forminator-field\"><input type=\"text\" name=\"text-4\" value=\"\" placeholder=\"Purchase\/Sale Incoterm\" id=\"forminator-field-text-4_69d0dbf296a30\" class=\"forminator-input forminator-name--field\" data-required=\"\" \/><\/div><\/div><div id=\"select-1\" class=\"forminator-field-select forminator-col forminator-col-6\"><div class=\"forminator-field\"><select  id=\"forminator-form-1224__field--select-1_69d0dbf296a30\" class=\"forminator-select--field forminator-select2 forminator-select2-multiple\" data-required=\"\" name=\"select-1\" data-default-value=\"\" data-hidden-behavior=\"zero\" data-placeholder=\"Tipo de transporte\" data-search=\"false\" data-search-placeholder=\"Tipo de transporte\" data-checkbox=\"false\" data-allow-clear=\"false\" aria-labelledby=\"forminator-form-1224__field--select-1_69d0dbf296a30-label\"><option value=\"\"  >Type of transportation<\/option><option value=\"one\"  data-calculation=\"0\">Air Transport<\/option><option value=\"two\"  data-calculation=\"0\">Maritime Transport<\/option><option value=\"Transporte-Terrestre\"  data-calculation=\"0\">Land Transport<\/option><\/select><\/div><\/div><\/div><div class=\"forminator-row\"><div id=\"select-2\" class=\"forminator-field-select forminator-col forminator-col-6\"><div class=\"forminator-field\"><select  id=\"forminator-form-1224__field--select-2_69d0dbf296a30\" class=\"forminator-select--field forminator-select2 forminator-select2-multiple\" data-required=\"\" name=\"select-2\" data-default-value=\"\" data-hidden-behavior=\"zero\" data-placeholder=\"Tipo de contenedor\" data-search=\"false\" data-search-placeholder=\"Tipo de contenedor\" data-checkbox=\"false\" data-allow-clear=\"false\" aria-labelledby=\"forminator-form-1224__field--select-2_69d0dbf296a30-label\"><option value=\"\"  >Type of Container<\/option><option value=\"one\"  data-calculation=\"0\">20 DRY<\/option><option value=\"two\"  data-calculation=\"0\">40 DRY<\/option><option value=\"Transporte-Terrestre\"  data-calculation=\"0\">40 DRY HC<\/option><option value=\"20-RF\"  data-calculation=\"0\">20 RF<\/option><option value=\"40-RF\"  data-calculation=\"0\">40 RF<\/option><option value=\"20-OT\"  data-calculation=\"0\">20 OT<\/option><option value=\"40-OT\"  data-calculation=\"0\">40 OT<\/option><option value=\"20-FR\"  data-calculation=\"0\">20 FR<\/option><option value=\"40-FR\"  data-calculation=\"0\">40 FR<\/option><\/select><\/div><\/div><div id=\"text-5\" class=\"forminator-field-text forminator-col forminator-col-6\"><div class=\"forminator-field\"><input type=\"text\" name=\"text-5\" value=\"\" placeholder=\"Cargo Volume\" id=\"forminator-field-text-5_69d0dbf296a30\" class=\"forminator-input forminator-name--field\" data-required=\"\" \/><\/div><\/div><\/div><div class=\"forminator-row\"><div id=\"text-6\" class=\"forminator-field-text forminator-col forminator-col-12\"><div class=\"forminator-field\"><input type=\"text\" name=\"text-6\" value=\"\" placeholder=\"Cargo Weight\" id=\"forminator-field-text-6_69d0dbf296a30\" class=\"forminator-input forminator-name--field\" data-required=\"\" \/><\/div><\/div><\/div><div class=\"forminator-row\"><div id=\"textarea-1\" class=\"forminator-field-textarea forminator-col forminator-col-12\"><div class=\"forminator-field\"><textarea name=\"textarea-1\" placeholder=\"Observations\" id=\"forminator-field-textarea-1_69d0dbf296a30\" class=\"forminator-textarea\" rows=\"6\" style=\"min-height:140px;\" ><\/textarea><\/div><\/div><\/div><div class=\"forminator-row\"><div id=\"consent-1\" class=\"forminator-field-consent forminator-col forminator-col-12  consent\"><div class=\"forminator-field\"><div class=\"forminator-checkbox__wrapper\"><label id=\"forminator-field-consent-1_69d0dbf296a30__label\" class=\"forminator-checkbox forminator-consent\" aria-labelledby=\"forminator-field-consent-1_69d0dbf296a30-label\" aria-hidden=\"true\"><input type=\"checkbox\" name=\"consent-1\" id=\"forminator-field-consent-1_69d0dbf296a30\" value=\"checked\" aria-labelledby=\"forminator-field-consent-1_69d0dbf296a30-label\" aria-describedby=\"forminator-field-consent-1_69d0dbf296a30__description\" data-required=\"true\" aria-required=\"true\" \/><span class=\"forminator-checkbox-box\" aria-hidden=\"true\"><\/span><\/label><div id=\"forminator-field-consent-1_69d0dbf296a30__description\" class=\"forminator-checkbox__label forminator-consent__label\">I have read and accepted the clause on protection of personal data<\/div><\/div><\/div><\/div><\/div><div class=\"forminator-row\"><div id=\"captcha-1\" class=\"forminator-field-captcha forminator-col forminator-col-12\"><div class=\"forminator-captcha-left forminator-g-recaptcha recaptcha-invisible\" data-theme=\"light\" data-badge=\"bottomleft\" data-sitekey=\"6LcVQqIpAAAAALPw-S8oVFngziZitn_G5EX1YbGw\" data-size=\"invisible\"><\/div> <\/div><\/div><div class=\"forminator-row\"><div id=\"html-1\" class=\"forminator-field-html forminator-col forminator-col-12  policy\"><div class=\"forminator-field forminator-merge-tags\" data-field=\"html-1\"><p><strong>Responsable del tratamiento<\/strong> : Mega Online Logistics, S.L.<\/p>\n<p><strong>Purpose:<\/strong> : Enviarte informaci\u00f3n relacionada con tu solicitud de informaci\u00f3n.<\/p>\n<p><strong>Legal Basis:<\/strong> : Consentimiento&nbsp;<\/p>\n<p><strong>Cesiones de datos y transferencias<\/strong> : No se realizan cesiones, salvo a los proveedores de servicios de alojamiento de los servidores ubicados de la UE.<\/p>\n<p><strong>Derechos<\/strong> : Podr\u00e1s ejercer los derechos de acceso, rectificaci\u00f3n, limitaci\u00f3n, oposici\u00f3n, portabilidad, o retirar el consentimiento enviando un email a hernan@megaonlinelogistics.com&nbsp;<\/p>\n<p><strong>M\u00e1s informaci\u00f3n<\/strong> : Consulta nuestra <a href=\"https:\/\/megaonlinelogistics.com\/en\/politica-de-privacidad\/\" title=\"Privacy Policy\">Privacy Policy<\/a> para m\u00e1s informaci\u00f3n.<\/p><\/div><\/div><\/div><input type=\"hidden\" name=\"referer_url\" value=\"\" \/><div class=\"forminator-row forminator-row-last\"><div class=\"forminator-col\"><div class=\"forminator-field\"><button class=\"forminator-button forminator-button-submit button\">SEND<\/button><\/div><\/div><\/div><input type=\"hidden\" id=\"forminator_nonce\" name=\"forminator_nonce\" value=\"50f4a5b22f\" \/><input type=\"hidden\" name=\"_wp_http_referer\" value=\"\/en\/wp-json\/wp\/v2\/pages\/444\" \/><input type=\"hidden\" name=\"form_id\" value=\"1224\"><input type=\"hidden\" name=\"page_id\" value=\"444\"><input type=\"hidden\" name=\"form_type\" value=\"default\"><input type=\"hidden\" name=\"current_url\" value=\"https:\/\/megaonlinelogistics.com\/en\/cotizaciones\/\"><input type=\"hidden\" name=\"render_id\" value=\"0\"><input type=\"hidden\" name=\"action\" value=\"forminator_submit_form_custom-forms\"><input type=\"hidden\" name=\"trp-form-language\" value=\"en\"\/><\/form><\/div>\n\t\t\t\t\t\t<\/div>\n\t\t\t\t<\/div>\n\t\t\t\t<\/div>\n\t\t\t\t\t<\/div>\n\t\t\t\t<\/div>\n\t\t\t\t<\/div>","protected":false},"excerpt":{"rendered":"<p>COTIZADORONLINE Presupuestos en menos de 24 horas Si su env\u00edo requiere alg\u00fan servicio espec\u00edfico, nos pondremos en contacto con usted para concretar los detalles. COTIZADOR ONLINE<\/p>","protected":false},"author":1,"featured_media":0,"parent":0,"menu_order":0,"comment_status":"closed","ping_status":"closed","template":"elementor_header_footer","meta":{"content-type":"","site-sidebar-layout":"no-sidebar","site-content-layout":"","ast-site-content-layout":"full-width-container","site-content-style":"default","site-sidebar-style":"default","ast-global-header-display":"","ast-banner-title-visibility":"","ast-main-header-display":"","ast-hfb-above-header-display":"","ast-hfb-below-header-display":"","ast-hfb-mobile-header-display":"","site-post-title":"disabled","ast-breadcrumbs-content":"","ast-featured-img":"disabled","footer-sml-layout":"","theme-transparent-header-meta":"","adv-header-id-meta":"","stick-header-meta":"","header-above-stick-meta":"","header-main-stick-meta":"","header-below-stick-meta":"","astra-migrate-meta-layouts":"default","ast-page-background-enabled":"default","ast-page-background-meta":{"desktop":{"background-color":"var(--ast-global-color-4)","background-image":"","background-repeat":"repeat","background-position":"center center","background-size":"auto","background-attachment":"scroll","background-type":"","background-media":"","overlay-type":"","overlay-color":"","overlay-opacity":"","overlay-gradient":""},"tablet":{"background-color":"","background-image":"","background-repeat":"repeat","background-position":"center center","background-size":"auto","background-attachment":"scroll","background-type":"","background-media":"","overlay-type":"","overlay-color":"","overlay-opacity":"","overlay-gradient":""},"mobile":{"background-color":"","background-image":"","background-repeat":"repeat","background-position":"center center","background-size":"auto","background-attachment":"scroll","background-type":"","background-media":"","overlay-type":"","overlay-color":"","overlay-opacity":"","overlay-gradient":""}},"ast-content-background-meta":{"desktop":{"background-color":"var(--ast-global-color-5)","background-image":"","background-repeat":"repeat","background-position":"center center","background-size":"auto","background-attachment":"scroll","background-type":"","background-media":"","overlay-type":"","overlay-color":"","overlay-opacity":"","overlay-gradient":""},"tablet":{"background-color":"var(--ast-global-color-5)","background-image":"","background-repeat":"repeat","background-position":"center center","background-size":"auto","background-attachment":"scroll","background-type":"","background-media":"","overlay-type":"","overlay-color":"","overlay-opacity":"","overlay-gradient":""},"mobile":{"background-color":"var(--ast-global-color-5)","background-image":"","background-repeat":"repeat","background-position":"center center","background-size":"auto","background-attachment":"scroll","background-type":"","background-media":"","overlay-type":"","overlay-color":"","overlay-opacity":"","overlay-gradient":""}},"footnotes":""},"class_list":["post-444","page","type-page","status-publish","hentry"],"aioseo_notices":[],"_links":{"self":[{"href":"https:\/\/megaonlinelogistics.com\/en\/wp-json\/wp\/v2\/pages\/444","targetHints":{"allow":["GET"]}}],"collection":[{"href":"https:\/\/megaonlinelogistics.com\/en\/wp-json\/wp\/v2\/pages"}],"about":[{"href":"https:\/\/megaonlinelogistics.com\/en\/wp-json\/wp\/v2\/types\/page"}],"author":[{"embeddable":true,"href":"https:\/\/megaonlinelogistics.com\/en\/wp-json\/wp\/v2\/users\/1"}],"replies":[{"embeddable":true,"href":"https:\/\/megaonlinelogistics.com\/en\/wp-json\/wp\/v2\/comments?post=444"}],"version-history":[{"count":0,"href":"https:\/\/megaonlinelogistics.com\/en\/wp-json\/wp\/v2\/pages\/444\/revisions"}],"wp:attachment":[{"href":"https:\/\/megaonlinelogistics.com\/en\/wp-json\/wp\/v2\/media?parent=444"}],"curies":[{"name":"wp","href":"https:\/\/api.w.org\/{rel}","templated":true}]}}