{"id":574,"date":"2023-12-28T14:27:19","date_gmt":"2023-12-28T14:27:19","guid":{"rendered":"https:\/\/megaonlinelogistics.dowebcreator.com.ar\/?page_id=574"},"modified":"2025-02-14T16:41:45","modified_gmt":"2025-02-14T16:41:45","slug":"transporte-aereo","status":"publish","type":"page","link":"https:\/\/megaonlinelogistics.com\/en\/transporte-aereo\/","title":{"rendered":"Aerial Transport"},"content":{"rendered":"<div data-elementor-type=\"wp-page\" data-elementor-id=\"574\" class=\"elementor elementor-574\" data-elementor-post-type=\"page\">\n\t\t\t\t<div class=\"elementor-element elementor-element-5510c09 e-flex e-con-boxed e-con e-parent\" data-id=\"5510c09\" data-element_type=\"container\" data-settings=\"{&quot;background_background&quot;:&quot;classic&quot;}\">\n\t\t\t\t\t<div class=\"e-con-inner\">\n\t\t<div class=\"elementor-element elementor-element-1dc39e2 e-con-full e-flex e-con e-child\" data-id=\"1dc39e2\" data-element_type=\"container\">\n\t\t\t\t<div class=\"elementor-element elementor-element-cda5c30 elementor-widget elementor-widget-heading\" data-id=\"cda5c30\" data-element_type=\"widget\" data-widget_type=\"heading.default\">\n\t\t\t\t<div class=\"elementor-widget-container\">\n\t\t\t\t\t<h2 class=\"elementor-heading-title elementor-size-default translation-block\"><b>AIR<\/b><br>TRANSPORT<\/h2>\t\t\t\t<\/div>\n\t\t\t\t<\/div>\n\t\t\t\t<div class=\"elementor-element elementor-element-c5f4022 elementor-widget-divider--view-line elementor-widget elementor-widget-divider\" data-id=\"c5f4022\" data-element_type=\"widget\" data-widget_type=\"divider.default\">\n\t\t\t\t<div class=\"elementor-widget-container\">\n\t\t\t\t\t\t\t<div class=\"elementor-divider\">\n\t\t\t<span class=\"elementor-divider-separator\">\n\t\t\t\t\t\t<\/span>\n\t\t<\/div>\n\t\t\t\t\t\t<\/div>\n\t\t\t\t<\/div>\n\t\t<div class=\"elementor-element elementor-element-ee0ba15 e-flex e-con-boxed e-con e-child\" data-id=\"ee0ba15\" data-element_type=\"container\" data-settings=\"{&quot;background_background&quot;:&quot;classic&quot;}\">\n\t\t\t\t\t<div class=\"e-con-inner\">\n\t\t\t\t<div class=\"elementor-element elementor-element-d02405b elementor-widget elementor-widget-text-editor\" data-id=\"d02405b\" data-element_type=\"widget\" data-widget_type=\"text-editor.default\">\n\t\t\t\t<div class=\"elementor-widget-container\">\n\t\t\t\t\t\t\t\t\t<p>This is the method used for urgent shipments, valuable cargo, or shipments requiring strict security control.<\/p>\t\t\t\t\t\t\t\t<\/div>\n\t\t\t\t<\/div>\n\t\t\t\t\t<\/div>\n\t\t\t\t<\/div>\n\t\t\t\t<div class=\"elementor-element elementor-element-2166cc5 elementor-widget elementor-widget-text-editor\" data-id=\"2166cc5\" data-element_type=\"widget\" data-widget_type=\"text-editor.default\">\n\t\t\t\t<div class=\"elementor-widget-container\">\n\t\t\t\t\t\t\t\t\t<p>We understand our clients' sense of urgency and know that if they decide to make a shipment with this method of transportation, they require agility, dynamism, and speed in our service.<\/p><p>Furthermore, we provide freight services for oversized cargo, and, in special projects, we also work with charter flights.<\/p>\t\t\t\t\t\t\t\t<\/div>\n\t\t\t\t<\/div>\n\t\t\t\t<\/div>\n\t\t<div class=\"elementor-element elementor-element-d2142b8 e-con-full e-flex e-con e-child\" data-id=\"d2142b8\" data-element_type=\"container\">\n\t\t\t\t<\/div>\n\t\t\t\t\t<\/div>\n\t\t\t\t<\/div>\n\t\t<div class=\"elementor-element elementor-element-d0fae24 e-con-full e-flex e-con e-parent\" data-id=\"d0fae24\" data-element_type=\"container\">\n\t\t<div class=\"elementor-element elementor-element-c08742e e-con-full e-flex e-con e-child\" data-id=\"c08742e\" data-element_type=\"container\" data-settings=\"{&quot;background_background&quot;:&quot;classic&quot;}\">\n\t\t\t\t<div class=\"elementor-element elementor-element-96e92a0 elementor-widget elementor-widget-heading\" data-id=\"96e92a0\" data-element_type=\"widget\" data-widget_type=\"heading.default\">\n\t\t\t\t<div class=\"elementor-widget-container\">\n\t\t\t\t\t<h2 class=\"elementor-heading-title elementor-size-default\">IATA AGENT<\/h2>\t\t\t\t<\/div>\n\t\t\t\t<\/div>\n\t\t\t\t<div class=\"elementor-element elementor-element-7e580f5 elementor-widget elementor-widget-text-editor\" data-id=\"7e580f5\" data-element_type=\"widget\" data-widget_type=\"text-editor.default\">\n\t\t\t\t<div class=\"elementor-widget-container\">\n\t\t\t\t\t\t\t\t\t<p><span style=\"font-size: 17.510399px; font-style: inherit;\">we are qualified to manage air transportation of our clients' merchandise in a professional and efficient manner.<\/span><\/p>\t\t\t\t\t\t\t\t<\/div>\n\t\t\t\t<\/div>\n\t\t\t\t<div class=\"elementor-element elementor-element-501fc72 elementor-widget elementor-widget-image\" data-id=\"501fc72\" data-element_type=\"widget\" data-widget_type=\"image.default\">\n\t\t\t\t<div class=\"elementor-widget-container\">\n\t\t\t\t\t\t\t\t\t\t\t\t\t\t\t<img fetchpriority=\"high\" decoding=\"async\" width=\"940\" height=\"712\" src=\"https:\/\/megaonlinelogistics.com\/wp-content\/uploads\/2023\/12\/MEGAONLINE-TRANSPORTE-AEREO-2-05.png\" class=\"attachment-full size-full wp-image-577\" alt=\"\" srcset=\"https:\/\/megaonlinelogistics.com\/wp-content\/uploads\/2023\/12\/MEGAONLINE-TRANSPORTE-AEREO-2-05.png 940w, https:\/\/megaonlinelogistics.com\/wp-content\/uploads\/2023\/12\/MEGAONLINE-TRANSPORTE-AEREO-2-05-300x227.png 300w, https:\/\/megaonlinelogistics.com\/wp-content\/uploads\/2023\/12\/MEGAONLINE-TRANSPORTE-AEREO-2-05-768x582.png 768w\" sizes=\"(max-width: 940px) 100vw, 940px\" \/>\t\t\t\t\t\t\t\t\t\t\t\t\t\t\t<\/div>\n\t\t\t\t<\/div>\n\t\t\t\t<\/div>\n\t\t<div class=\"elementor-element elementor-element-c32157a e-con-full e-flex e-con e-child\" data-id=\"c32157a\" data-element_type=\"container\" data-settings=\"{&quot;background_background&quot;:&quot;classic&quot;}\">\n\t\t\t\t<div class=\"elementor-element elementor-element-59cacf3 elementor-widget elementor-widget-heading\" data-id=\"59cacf3\" data-element_type=\"widget\" data-widget_type=\"heading.default\">\n\t\t\t\t<div class=\"elementor-widget-container\">\n\t\t\t\t\t<h2 class=\"elementor-heading-title elementor-size-default\">AENA accredited agent<\/h2>\t\t\t\t<\/div>\n\t\t\t\t<\/div>\n\t\t\t\t<div class=\"elementor-element elementor-element-f006643 elementor-widget elementor-widget-text-editor\" data-id=\"f006643\" data-element_type=\"widget\" data-widget_type=\"text-editor.default\">\n\t\t\t\t<div class=\"elementor-widget-container\">\n\t\t\t\t\t\t\t\t\t<p>allows us to reduce operative costs for clients who also comply with this regulation and are well-known shippers.<\/p>\t\t\t\t\t\t\t\t<\/div>\n\t\t\t\t<\/div>\n\t\t\t\t<div class=\"elementor-element elementor-element-e1120d5 elementor-widget elementor-widget-image\" data-id=\"e1120d5\" data-element_type=\"widget\" data-widget_type=\"image.default\">\n\t\t\t\t<div class=\"elementor-widget-container\">\n\t\t\t\t\t\t\t\t\t\t\t\t\t\t\t<img decoding=\"async\" width=\"1100\" height=\"630\" src=\"https:\/\/megaonlinelogistics.com\/wp-content\/uploads\/2023\/12\/MEGAONLINE-TRANSPORTE-AEREO-2-06.png\" class=\"attachment-full size-full wp-image-579\" alt=\"\" srcset=\"https:\/\/megaonlinelogistics.com\/wp-content\/uploads\/2023\/12\/MEGAONLINE-TRANSPORTE-AEREO-2-06.png 1100w, https:\/\/megaonlinelogistics.com\/wp-content\/uploads\/2023\/12\/MEGAONLINE-TRANSPORTE-AEREO-2-06-300x172.png 300w, https:\/\/megaonlinelogistics.com\/wp-content\/uploads\/2023\/12\/MEGAONLINE-TRANSPORTE-AEREO-2-06-1024x586.png 1024w, https:\/\/megaonlinelogistics.com\/wp-content\/uploads\/2023\/12\/MEGAONLINE-TRANSPORTE-AEREO-2-06-768x440.png 768w\" sizes=\"(max-width: 1100px) 100vw, 1100px\" \/>\t\t\t\t\t\t\t\t\t\t\t\t\t\t\t<\/div>\n\t\t\t\t<\/div>\n\t\t\t\t<\/div>\n\t\t\t\t<\/div>\n\t\t<div class=\"elementor-element elementor-element-d9c99a0 e-flex e-con-boxed e-con e-parent\" data-id=\"d9c99a0\" data-element_type=\"container\" id=\"timecritical\" data-settings=\"{&quot;background_background&quot;:&quot;classic&quot;}\">\n\t\t\t\t\t<div class=\"e-con-inner\">\n\t\t<div class=\"elementor-element elementor-element-ed88983 e-con-full e-flex e-con e-child\" data-id=\"ed88983\" data-element_type=\"container\">\n\t\t\t\t<div class=\"elementor-element elementor-element-1ec9431 elementor-widget elementor-widget-heading\" data-id=\"1ec9431\" data-element_type=\"widget\" data-widget_type=\"heading.default\">\n\t\t\t\t<div class=\"elementor-widget-container\">\n\t\t\t\t\t<h2 class=\"elementor-heading-title elementor-size-default\">TIME CRITICAL<\/h2>\t\t\t\t<\/div>\n\t\t\t\t<\/div>\n\t\t\t\t<div class=\"elementor-element elementor-element-a012e3b elementor-widget elementor-widget-text-editor\" data-id=\"a012e3b\" data-element_type=\"widget\" data-widget_type=\"text-editor.default\">\n\t\t\t\t<div class=\"elementor-widget-container\">\n\t\t\t\t\t\t\t\t\t<p>From a small packet personally delivered with our OBC service, to the most oversized cargo on board an AN124. Our extensive and specialized global network guarantees the successful delivery of any \"critical\" cargo wherever and whenever it's necessary.<\/p>\t\t\t\t\t\t\t\t<\/div>\n\t\t\t\t<\/div>\n\t\t\t\t<div class=\"elementor-element elementor-element-9e9781a elementor-widget elementor-widget-text-editor\" data-id=\"9e9781a\" data-element_type=\"widget\" data-widget_type=\"text-editor.default\">\n\t\t\t\t<div class=\"elementor-widget-container\">\n\t\t\t\t\t\t\t\t\t<p>-ON BOARD COURIER<br>-NFO<br>-CHARTERING - AOG<br>-NATIONAL AND EU EXPRESS DELIVERY 24\/7<\/p>\t\t\t\t\t\t\t\t<\/div>\n\t\t\t\t<\/div>\n\t\t<div class=\"elementor-element elementor-element-5484ba1 elementor-hidden-desktop e-flex e-con-boxed e-con e-child\" data-id=\"5484ba1\" data-element_type=\"container\">\n\t\t\t\t\t<div class=\"e-con-inner\">\n\t\t<div class=\"elementor-element elementor-element-42f3f0c e-con-full e-flex e-con e-child\" data-id=\"42f3f0c\" data-element_type=\"container\">\n\t\t\t\t<div class=\"elementor-element elementor-element-81372d2 elementor-position-left elementor-vertical-align-top elementor-widget elementor-widget-image-box\" data-id=\"81372d2\" data-element_type=\"widget\" data-widget_type=\"image-box.default\">\n\t\t\t\t<div class=\"elementor-widget-container\">\n\t\t\t\t\t<div class=\"elementor-image-box-wrapper\"><figure class=\"elementor-image-box-img\"><a href=\"mailto:critical@megaonlinelogistics.com\" tabindex=\"-1\"><img decoding=\"async\" width=\"716\" height=\"698\" src=\"https:\/\/megaonlinelogistics.com\/wp-content\/uploads\/2024\/02\/MEGAONLINE-TRANSPORTE-AEREO-2-12-2.png\" class=\"attachment-full size-full wp-image-1672\" alt=\"\" srcset=\"https:\/\/megaonlinelogistics.com\/wp-content\/uploads\/2024\/02\/MEGAONLINE-TRANSPORTE-AEREO-2-12-2.png 716w, https:\/\/megaonlinelogistics.com\/wp-content\/uploads\/2024\/02\/MEGAONLINE-TRANSPORTE-AEREO-2-12-2-300x292.png 300w, https:\/\/megaonlinelogistics.com\/wp-content\/uploads\/2024\/02\/MEGAONLINE-TRANSPORTE-AEREO-2-12-2-12x12.png 12w\" sizes=\"(max-width: 716px) 100vw, 716px\" \/><\/a><\/figure><div class=\"elementor-image-box-content\"><h3 class=\"elementor-image-box-title\"><a href=\"mailto:critical@megaonlinelogistics.com\">critical@megaonlinelogistics.com<\/a><\/h3><\/div><\/div>\t\t\t\t<\/div>\n\t\t\t\t<\/div>\n\t\t\t\t<\/div>\n\t\t<div class=\"elementor-element elementor-element-05add57 e-con-full e-flex e-con e-child\" data-id=\"05add57\" data-element_type=\"container\">\n\t\t\t\t<div class=\"elementor-element elementor-element-cdba60d elementor-position-left elementor-vertical-align-middle elementor-widget elementor-widget-image-box\" data-id=\"cdba60d\" data-element_type=\"widget\" data-widget_type=\"image-box.default\">\n\t\t\t\t<div class=\"elementor-widget-container\">\n\t\t\t\t\t<div class=\"elementor-image-box-wrapper\"><figure class=\"elementor-image-box-img\"><a href=\"tel:34937372867\" tabindex=\"-1\"><img loading=\"lazy\" decoding=\"async\" width=\"759\" height=\"753\" src=\"https:\/\/megaonlinelogistics.com\/wp-content\/uploads\/2024\/02\/MEGAONLINE-TRANSPORTE-AEREO-2-13-1.png\" class=\"attachment-full size-full wp-image-1673\" alt=\"\" srcset=\"https:\/\/megaonlinelogistics.com\/wp-content\/uploads\/2024\/02\/MEGAONLINE-TRANSPORTE-AEREO-2-13-1.png 759w, https:\/\/megaonlinelogistics.com\/wp-content\/uploads\/2024\/02\/MEGAONLINE-TRANSPORTE-AEREO-2-13-1-300x298.png 300w, https:\/\/megaonlinelogistics.com\/wp-content\/uploads\/2024\/02\/MEGAONLINE-TRANSPORTE-AEREO-2-13-1-150x150.png 150w, https:\/\/megaonlinelogistics.com\/wp-content\/uploads\/2024\/02\/MEGAONLINE-TRANSPORTE-AEREO-2-13-1-12x12.png 12w\" sizes=\"(max-width: 759px) 100vw, 759px\" \/><\/a><\/figure><div class=\"elementor-image-box-content\"><h3 class=\"elementor-image-box-title\"><a href=\"tel:34937372867\">+34 93 737 2867<\/a><\/h3><\/div><\/div>\t\t\t\t<\/div>\n\t\t\t\t<\/div>\n\t\t\t\t<\/div>\n\t\t\t\t\t<\/div>\n\t\t\t\t<\/div>\n\t\t<div class=\"elementor-element elementor-element-3957022 e-flex e-con-boxed e-con e-child\" data-id=\"3957022\" data-element_type=\"container\">\n\t\t\t\t\t<div class=\"e-con-inner\">\n\t\t<div class=\"elementor-element elementor-element-015fe98 e-con-full elementor-hidden-mobile e-flex e-con e-child\" data-id=\"015fe98\" data-element_type=\"container\">\n\t\t\t\t<div class=\"elementor-element elementor-element-82a4f8b elementor-position-left elementor-vertical-align-middle elementor-widget elementor-widget-image-box\" data-id=\"82a4f8b\" data-element_type=\"widget\" data-widget_type=\"image-box.default\">\n\t\t\t\t<div class=\"elementor-widget-container\">\n\t\t\t\t\t<div class=\"elementor-image-box-wrapper\"><figure class=\"elementor-image-box-img\"><a href=\"mailto:critical@megaonlinelogistics.com\" tabindex=\"-1\"><img decoding=\"async\" width=\"716\" height=\"698\" src=\"https:\/\/megaonlinelogistics.com\/wp-content\/uploads\/2024\/02\/MEGAONLINE-TRANSPORTE-AEREO-2-12-2.png\" class=\"attachment-full size-full wp-image-1672\" alt=\"\" srcset=\"https:\/\/megaonlinelogistics.com\/wp-content\/uploads\/2024\/02\/MEGAONLINE-TRANSPORTE-AEREO-2-12-2.png 716w, https:\/\/megaonlinelogistics.com\/wp-content\/uploads\/2024\/02\/MEGAONLINE-TRANSPORTE-AEREO-2-12-2-300x292.png 300w, https:\/\/megaonlinelogistics.com\/wp-content\/uploads\/2024\/02\/MEGAONLINE-TRANSPORTE-AEREO-2-12-2-12x12.png 12w\" sizes=\"(max-width: 716px) 100vw, 716px\" \/><\/a><\/figure><div class=\"elementor-image-box-content\"><h3 class=\"elementor-image-box-title\"><a href=\"mailto:critical@megaonlinelogistics.com\">critical@megaonlinelogistics.com<\/a><\/h3><\/div><\/div>\t\t\t\t<\/div>\n\t\t\t\t<\/div>\n\t\t\t\t<\/div>\n\t\t<div class=\"elementor-element elementor-element-8c5302e elementor-hidden-mobile e-flex e-con-boxed e-con e-child\" data-id=\"8c5302e\" data-element_type=\"container\">\n\t\t\t\t\t<div class=\"e-con-inner\">\n\t\t\t\t<div class=\"elementor-element elementor-element-231916b elementor-position-left elementor-vertical-align-middle elementor-widget elementor-widget-image-box\" data-id=\"231916b\" data-element_type=\"widget\" data-widget_type=\"image-box.default\">\n\t\t\t\t<div class=\"elementor-widget-container\">\n\t\t\t\t\t<div class=\"elementor-image-box-wrapper\"><figure class=\"elementor-image-box-img\"><a href=\"tel:34937372867\" tabindex=\"-1\"><img loading=\"lazy\" decoding=\"async\" width=\"759\" height=\"753\" src=\"https:\/\/megaonlinelogistics.com\/wp-content\/uploads\/2024\/02\/MEGAONLINE-TRANSPORTE-AEREO-2-13-1.png\" class=\"attachment-full size-full wp-image-1673\" alt=\"\" srcset=\"https:\/\/megaonlinelogistics.com\/wp-content\/uploads\/2024\/02\/MEGAONLINE-TRANSPORTE-AEREO-2-13-1.png 759w, https:\/\/megaonlinelogistics.com\/wp-content\/uploads\/2024\/02\/MEGAONLINE-TRANSPORTE-AEREO-2-13-1-300x298.png 300w, https:\/\/megaonlinelogistics.com\/wp-content\/uploads\/2024\/02\/MEGAONLINE-TRANSPORTE-AEREO-2-13-1-150x150.png 150w, https:\/\/megaonlinelogistics.com\/wp-content\/uploads\/2024\/02\/MEGAONLINE-TRANSPORTE-AEREO-2-13-1-12x12.png 12w\" sizes=\"(max-width: 759px) 100vw, 759px\" \/><\/a><\/figure><div class=\"elementor-image-box-content\"><h3 class=\"elementor-image-box-title\"><a href=\"tel:34937372867\">+34 93 8304554<\/a><\/h3><\/div><\/div>\t\t\t\t<\/div>\n\t\t\t\t<\/div>\n\t\t\t\t\t<\/div>\n\t\t\t\t<\/div>\n\t\t\t\t\t<\/div>\n\t\t\t\t<\/div>\n\t\t\t\t<\/div>\n\t\t<div class=\"elementor-element elementor-element-d6fdefc e-con-full e-flex e-con e-child\" data-id=\"d6fdefc\" data-element_type=\"container\">\n\t\t\t\t<\/div>\n\t\t\t\t\t<\/div>\n\t\t\t\t<\/div>\n\t\t<div class=\"elementor-element elementor-element-6e6928e e-flex e-con-boxed e-con e-parent\" data-id=\"6e6928e\" data-element_type=\"container\" data-settings=\"{&quot;background_background&quot;:&quot;classic&quot;}\">\n\t\t\t\t\t<div class=\"e-con-inner\">\n\t\t\t\t<div class=\"elementor-element elementor-element-d603c16 elementor-widget elementor-widget-heading\" data-id=\"d603c16\" data-element_type=\"widget\" data-widget_type=\"heading.default\">\n\t\t\t\t<div class=\"elementor-widget-container\">\n\t\t\t\t\t<h2 class=\"elementor-heading-title elementor-size-default\">QUOTES IN<br>LESS THAN 24 HS<\/h2>\t\t\t\t<\/div>\n\t\t\t\t<\/div>\n\t\t\t\t<div class=\"elementor-element elementor-element-26cf6d3 elementor-align-center elementor-widget elementor-widget-button\" data-id=\"26cf6d3\" data-element_type=\"widget\" data-widget_type=\"button.default\">\n\t\t\t\t<div class=\"elementor-widget-container\">\n\t\t\t\t\t\t\t\t\t<div class=\"elementor-button-wrapper\">\n\t\t\t\t\t<a class=\"elementor-button elementor-button-link elementor-size-sm\" href=\"https:\/\/megaonlinelogistics.com\/en\/cotizaciones\/\">\n\t\t\t\t\t\t<span class=\"elementor-button-content-wrapper\">\n\t\t\t\t\t\t\t\t\t<span class=\"elementor-button-text\">Online Quoting System<\/span>\n\t\t\t\t\t<\/span>\n\t\t\t\t\t<\/a>\n\t\t\t\t<\/div>\n\t\t\t\t\t\t\t\t<\/div>\n\t\t\t\t<\/div>\n\t\t\t\t\t<\/div>\n\t\t\t\t<\/div>\n\t\t<div class=\"elementor-element elementor-element-b5d8a9f e-flex e-con-boxed e-con e-parent\" data-id=\"b5d8a9f\" data-element_type=\"container\" data-settings=\"{&quot;background_background&quot;:&quot;classic&quot;}\">\n\t\t\t\t\t<div class=\"e-con-inner\">\n\t\t\t\t<div class=\"elementor-element elementor-element-bb6a76c elementor-widget elementor-widget-heading\" data-id=\"bb6a76c\" data-element_type=\"widget\" data-widget_type=\"heading.default\">\n\t\t\t\t<div class=\"elementor-widget-container\">\n\t\t\t\t\t<h2 class=\"elementor-heading-title elementor-size-default\">CONTACT WITH US<\/h2>\t\t\t\t<\/div>\n\t\t\t\t<\/div>\n\t\t\t\t<div class=\"elementor-element elementor-element-f8f8d7e elementor-widget elementor-widget-text-editor\" data-id=\"f8f8d7e\" data-element_type=\"widget\" data-widget_type=\"text-editor.default\">\n\t\t\t\t<div class=\"elementor-widget-container\">\n\t\t\t\t\t\t\t\t\t<p>Together we can achieve efficient management of your imports and exports throughout the world.<\/p>\t\t\t\t\t\t\t\t<\/div>\n\t\t\t\t<\/div>\n\t\t\t\t<div class=\"elementor-element elementor-element-322fe6e elementor-align-center elementor-widget elementor-widget-button\" data-id=\"322fe6e\" data-element_type=\"widget\" data-widget_type=\"button.default\">\n\t\t\t\t<div class=\"elementor-widget-container\">\n\t\t\t\t\t\t\t\t\t<div class=\"elementor-button-wrapper\">\n\t\t\t\t\t<a class=\"elementor-button elementor-button-link elementor-size-sm\" href=\"https:\/\/megaonlinelogistics.com\/en\/#contacto\">\n\t\t\t\t\t\t<span class=\"elementor-button-content-wrapper\">\n\t\t\t\t\t\t\t\t\t<span class=\"elementor-button-text\">CONTACT US NOW<\/span>\n\t\t\t\t\t<\/span>\n\t\t\t\t\t<\/a>\n\t\t\t\t<\/div>\n\t\t\t\t\t\t\t\t<\/div>\n\t\t\t\t<\/div>\n\t\t\t\t\t<\/div>\n\t\t\t\t<\/div>\n\t\t\t\t<\/div>","protected":false},"excerpt":{"rendered":"<p>TRANSPORTEA\u00c9REO Es el medio utilizado para los env\u00edos urgentes, cargas valiosas, o que requieren un estricto control de seguridad. Entendemos la urgencia de nuestros clientes y sabemos qu\u00e9, si se decide realizar un env\u00edo por este m\u00e9todo de transporte, el cliente necesita agilidad, dinamismo y rapidez en nuestro servicio. Adem\u00e1s, disponemos de servicios cargueros para [&hellip;]<\/p>","protected":false},"author":1,"featured_media":0,"parent":0,"menu_order":0,"comment_status":"closed","ping_status":"closed","template":"elementor_header_footer","meta":{"content-type":"","site-sidebar-layout":"no-sidebar","site-content-layout":"","ast-site-content-layout":"full-width-container","site-content-style":"default","site-sidebar-style":"default","ast-global-header-display":"","ast-banner-title-visibility":"","ast-main-header-display":"","ast-hfb-above-header-display":"","ast-hfb-below-header-display":"","ast-hfb-mobile-header-display":"","site-post-title":"disabled","ast-breadcrumbs-content":"","ast-featured-img":"disabled","footer-sml-layout":"","theme-transparent-header-meta":"","adv-header-id-meta":"","stick-header-meta":"","header-above-stick-meta":"","header-main-stick-meta":"","header-below-stick-meta":"","astra-migrate-meta-layouts":"default","ast-page-background-enabled":"default","ast-page-background-meta":{"desktop":{"background-color":"var(--ast-global-color-4)","background-image":"","background-repeat":"repeat","background-position":"center center","background-size":"auto","background-attachment":"scroll","background-type":"","background-media":"","overlay-type":"","overlay-color":"","overlay-opacity":"","overlay-gradient":""},"tablet":{"background-color":"","background-image":"","background-repeat":"repeat","background-position":"center center","background-size":"auto","background-attachment":"scroll","background-type":"","background-media":"","overlay-type":"","overlay-color":"","overlay-opacity":"","overlay-gradient":""},"mobile":{"background-color":"","background-image":"","background-repeat":"repeat","background-position":"center center","background-size":"auto","background-attachment":"scroll","background-type":"","background-media":"","overlay-type":"","overlay-color":"","overlay-opacity":"","overlay-gradient":""}},"ast-content-background-meta":{"desktop":{"background-color":"var(--ast-global-color-5)","background-image":"","background-repeat":"repeat","background-position":"center center","background-size":"auto","background-attachment":"scroll","background-type":"","background-media":"","overlay-type":"","overlay-color":"","overlay-opacity":"","overlay-gradient":""},"tablet":{"background-color":"var(--ast-global-color-5)","background-image":"","background-repeat":"repeat","background-position":"center center","background-size":"auto","background-attachment":"scroll","background-type":"","background-media":"","overlay-type":"","overlay-color":"","overlay-opacity":"","overlay-gradient":""},"mobile":{"background-color":"var(--ast-global-color-5)","background-image":"","background-repeat":"repeat","background-position":"center center","background-size":"auto","background-attachment":"scroll","background-type":"","background-media":"","overlay-type":"","overlay-color":"","overlay-opacity":"","overlay-gradient":""}},"footnotes":""},"class_list":["post-574","page","type-page","status-publish","hentry"],"aioseo_notices":[],"_links":{"self":[{"href":"https:\/\/megaonlinelogistics.com\/en\/wp-json\/wp\/v2\/pages\/574","targetHints":{"allow":["GET"]}}],"collection":[{"href":"https:\/\/megaonlinelogistics.com\/en\/wp-json\/wp\/v2\/pages"}],"about":[{"href":"https:\/\/megaonlinelogistics.com\/en\/wp-json\/wp\/v2\/types\/page"}],"author":[{"embeddable":true,"href":"https:\/\/megaonlinelogistics.com\/en\/wp-json\/wp\/v2\/users\/1"}],"replies":[{"embeddable":true,"href":"https:\/\/megaonlinelogistics.com\/en\/wp-json\/wp\/v2\/comments?post=574"}],"version-history":[{"count":0,"href":"https:\/\/megaonlinelogistics.com\/en\/wp-json\/wp\/v2\/pages\/574\/revisions"}],"wp:attachment":[{"href":"https:\/\/megaonlinelogistics.com\/en\/wp-json\/wp\/v2\/media?parent=574"}],"curies":[{"name":"wp","href":"https:\/\/api.w.org\/{rel}","templated":true}]}}